{"id":393,"date":"2023-02-28T10:20:38","date_gmt":"2023-02-28T10:20:38","guid":{"rendered":"https:\/\/instaliluro.com\/?page_id=393"},"modified":"2025-06-25T08:08:44","modified_gmt":"2025-06-25T08:08:44","slug":"politica-de-privacidad","status":"publish","type":"page","link":"https:\/\/instaliluro.com\/ca\/politica-de-privacidad\/","title":{"rendered":"Pol\u00edtica de privadesa"},"content":{"rendered":"<div data-elementor-type=\"wp-page\" data-elementor-id=\"393\" class=\"elementor elementor-393\" data-elementor-post-type=\"page\">\n\t\t\t\t\t\t<section class=\"elementor-section elementor-top-section elementor-element elementor-element-a44b4e4 elementor-section-boxed elementor-section-height-default elementor-section-height-default\" data-id=\"a44b4e4\" data-element_type=\"section\" data-e-type=\"section\">\n\t\t\t\t\t\t<div class=\"elementor-container elementor-column-gap-default\">\n\t\t\t\t\t<div class=\"elementor-column elementor-col-100 elementor-top-column elementor-element elementor-element-a4ef5ac\" data-id=\"a4ef5ac\" data-element_type=\"column\" data-e-type=\"column\">\n\t\t\t<div class=\"elementor-widget-wrap elementor-element-populated\">\n\t\t\t\t\t\t<div class=\"elementor-element elementor-element-73a3877 elementor-widget elementor-widget-text-editor\" data-id=\"73a3877\" data-element_type=\"widget\" data-e-type=\"widget\" data-widget_type=\"text-editor.default\">\n\t\t\t\t<div class=\"elementor-widget-container\">\n\t\t\t\t\t\t\t\t\t<p><b><span style=\"text-decoration: underline;\">INT<\/span><u>RODUCCI\u00d3N<\/u><\/b><\/p><p><span style=\"font-weight: 400;\">Su privacidad es importante para nosotros, as\u00ed que, mediante este documento, le explicamos qu\u00e9 datos recogemos de los usuarios, como los utilizamos y para qu\u00e9, entre otras indicaciones.<\/span><\/p><p><span style=\"font-weight: 400;\">Para su informaci\u00f3n, nunca pediremos m\u00e1s informaci\u00f3n de la que realmente necesitaremos para los servicios requeridos; nunca la compartiremos con terceros, excepto por obligaci\u00f3n legal o con su autorizaci\u00f3n previa; y nunca utilizaremos sus datos para otra finalidad no indicada previamente.<\/span><\/p><p><span style=\"font-weight: 400;\">Como usuarios, deber\u00e1 leer atentamente esta Pol\u00edtica de privacidad de manera regular, y siempre que introduzca sus datos personales, ya que este documento puede sufrir modificaciones ya que el prestador puede modificar cualquier tipo de informaci\u00f3n que pudiera aparecer en la web para cumplir con la normativa o actualizar la pol\u00edtica, y sin que exista la obligaci\u00f3n de preavisar o poner en conocimiento de los usuarios dichas obligaciones, siendo suficientes la publicaci\u00f3n en el sitio web del prestador.<\/span><\/p><p><b>R<u>ESPONSABLE DEL TRATAMIENTO:<\/u><\/b><\/p><p><span style=\"font-weight: 400;\">Identidad:<\/span><b>\u00a0INSTAL\u00b7LACIONS ILURO 2016, S.L. <\/b>(<span style=\"font-weight: 400;\">tambi\u00e9n el prestador)<\/span><\/p><p><span style=\"font-weight: 400;\">NIF:<\/span><b> B66715756<\/b> <b>\u00a0<\/b><\/p><p><span style=\"font-weight: 400;\">Direcci\u00f3n postal:<\/span><b>\u00a0Ctra. De cirera, 67, local dreta, 08305, Matar\u00f3, Barcelona<\/b><\/p><p><span style=\"font-weight: 400;\">Correo electr\u00f3nico:<\/span><b>\u00a0info@instaliluro.com<\/b><\/p><p><b>INSTAL\u00b7LACIONS ILURO 2016, S.L.<\/b><span style=\"font-weight: 400;\">, como responsable del sitio web, de conformidad con lo dispuesto en el Reglamento (UE) 2016\/679 de 27 de abril de 2016 (RGPD) relativo a la protecci\u00f3n de las personas f\u00edsicas en lo que respecta al tratamiento de datos personales ya la libre circulaci\u00f3n de estos datos y dem\u00e1s normativa vigente en materia de protecci\u00f3n de datos personales, y por la Ley 34\/2002, de 11 de julio, de Servicios de la Sociedad de la Informaci\u00f3n y del Comercio Electr\u00f3nico (LSSICE), le informa que tiene implementadas las medidas de seguridad necesarias, de \u00edndole t\u00e9cnica y organizativas, para garantizar y proteger la confidencialidad, integridad y disponibilidad de los datos introducidos.<\/span><\/p><p><span style=\"text-decoration: underline;\"><b>M\u00c9TODO DE OBTENCI\u00d3N DE LOS DATOS, QU\u00c9 DATOS RECABAMOS y SU FINALIDAD:<\/b><\/span><\/p><p><span style=\"font-weight: 400;\">Los datos que recogemos, la forma en que los obtenemos y la finalidad del tratamiento es la siguiente:<\/span><\/p><ol><li style=\"font-weight: 400;\" aria-level=\"1\"><b>Formulario de contacto:<\/b><ul><li style=\"font-weight: 400;\" aria-level=\"2\"><span style=\"font-weight: 400;\">Datos requeridos: nombre, mail, tel\u00e9fono<\/span><\/li><li style=\"font-weight: 400;\" aria-level=\"2\"><span style=\"font-weight: 400;\">Finalidad: para responder a las consultas y\/o proporcionar informaciones requeridas por el Usuario<\/span><\/li><li style=\"font-weight: 400;\" aria-level=\"2\"><span style=\"font-weight: 400;\">Legitimaci\u00f3n: consentimiento del usuario<\/span><\/li><\/ul><\/li><li style=\"font-weight: 400;\" aria-level=\"1\"><b>Llevar a cabo la relaci\u00f3n contractual y las gestiones administrativas, fiscales y contables <\/b><span style=\"font-weight: 400;\">an\u00e1logas y que sean necesarias virtud de la legislaci\u00f3n vigente<\/span><ul><li style=\"font-weight: 400;\" aria-level=\"2\"><span style=\"font-weight: 400;\">Datos requeridos: nombre y apellidos, tel\u00e9fono, direcci\u00f3n, DNI, email, firma<\/span><\/li><li style=\"font-weight: 400;\" aria-level=\"2\"><span style=\"font-weight: 400;\">Finalidad: llevar a cabo la gesti\u00f3n comercial fiscal y administrativa interna\u00a0<\/span><\/li><li style=\"font-weight: 400;\" aria-level=\"2\"><span style=\"font-weight: 400;\">Legitimaci\u00f3n: Consentimiento del interesado y relaci\u00f3n contractual<\/span><\/li><\/ul><\/li><\/ol><div>\u00a0<\/div><p><span style=\"font-weight: 400;\">Las fotograf\u00edas que est\u00e9n colgadas en la web son propiedad de <\/span><b>INSTAL\u00b7LACIONS ILURO 2016, S.L.<\/b><\/p><p><span style=\"font-weight: 400;\">Puede revocar en cualquier momento su consentimiento remitiendo un escrito con el asunto \u00abBaja\u00bb en el mail rese\u00f1ado.<\/span><\/p><p><span style=\"font-weight: 400;\">De acuerdo con la LSSICE, <\/span><b>INSTAL\u00b7LACIONS ILURO 2016, S.L.<\/b><span style=\"font-weight: 400;\"> no realiza pr\u00e1cticas de SPAM, por lo tanto, no env\u00eda correos comerciales por e-mail que no hayan sido previamente solicitados o autorizados por el Usuario. En consecuencia, en todas las comunicaciones que recibir\u00e1 del prestador, el usuario tiene la posibilidad de cancelar su consentimiento expreso para recibir nuestras comunicaciones.<\/span><\/p><p><span style=\"font-weight: 400;\">No trataremos sus datos personales para ning\u00fan otro fin de las descritas excepto por obligaci\u00f3n legal o requerimiento judicial.<\/span><\/p><p><span style=\"font-weight: 400;\">No ser\u00e1 objeto de decisiones basadas en tratamientos automatizados que produzcan efectos sobre sus datos.<\/span><\/p><p><span style=\"text-decoration: underline;\"><b>PLAZO DE CONSERVACI\u00d3N DE LOS DATOS:<\/b><\/span><\/p><p><span style=\"font-weight: 400;\">Sus datos se conservar\u00e1n mientras dure la relaci\u00f3n comercial con nosotros o ejerce su derecho de cancelaci\u00f3n u oposici\u00f3n, o limitaci\u00f3n al tratamiento. Sin embargo, conservaremos sus datos en los plazos legalmente previstos en las disposiciones aplicables.<\/span><\/p><p><span style=\"text-decoration: underline;\"><b>DESTINATARIOS DE CESIONES O TRANSFERENCIAS:<\/b><\/span><\/p><p><b>INSTAL\u00b7LACIONS ILURO 2016, S.L.<\/b><span style=\"font-weight: 400;\"> \u00fanicamente facilitar\u00e1 informaci\u00f3n a las fuerzas y cuerpos de seguridad bajo orden judicial o por obligaci\u00f3n de una norma legal, sin perjuicio de poder bloquear o cancelar su cuenta si puede haber indicios de la comisi\u00f3n de alg\u00fan delito por parte del usuario. La informaci\u00f3n facilitada ser\u00e1 s\u00f3lo la que disponga en ese momento el prestador.<\/span><\/p><p><span style=\"font-weight: 400;\">La informaci\u00f3n que nos proporcione a trav\u00e9s de este sitio web ser\u00e1 alojada en los servidores de <\/span><b>INSTAL\u00b7LACIONS ILURO 2016, S.L.<\/b><span style=\"font-weight: 400;\">, contratados a la empresa que presta el servicio de alojamiento de la web. El tratamiento de los datos de la entidad se encuentra regulado mediante un contrato de encargado del tratamiento entre el prestador y esta empresa.\u00a0<\/span><\/p><p><span style=\"font-weight: 400;\">Asimismo, el prestador utiliza determinadas herramientas para prestar servicios necesarios para el desarrollo de la actividad, pudiendo almacenar sus datos. Estas herramientas son las siguientes:<\/span><\/p><p><b>Google Analytics<\/b><span style=\"font-weight: 400;\">: para realizar un an\u00e1lisis y m\u00e9trica del uso que los usuarios hacen de la web a trav\u00e9s de las cookies. La informaci\u00f3n que generan y recopilan estas cookies sobre el uso (incluyendo la direcci\u00f3n IP) ser\u00e1 directamente transmitida y archivada por Google Inc., ubicada en Delaware, 1600 Amphitheatre Parkway, montar\u00e9 View (California), CA 94043 de Estados Unidos ( \u00bb Google \u00ab), en sus servidores de Estados Unidos.<\/span><\/p><p><span style=\"text-decoration: underline;\"><b>DERECHOS DE LAS PERSONAS INTERESADAS:<\/b><\/span><\/p><p><span style=\"font-weight: 400;\">Como usuario-interesado, puede solicitar el ejercicio de los siguientes derechos ante <\/span><b>INSTAL\u00b7LACIONS ILURO 2016, S.L. <\/b><span style=\"font-weight: 400;\">presentando un escrito a la direcci\u00f3n postal del encabezamiento o enviando un correo electr\u00f3nico a info@instaliluro.com, indicando como Asunto: \u00abPROTECCI\u00d3N DE DATOS: DERECHOS DE LOS AFECTADOS\u201d.<\/span><\/p><p><span style=\"font-weight: 400;\">Derechos:<\/span><\/p><ul><li style=\"font-weight: 400;\" aria-level=\"1\"><b>Derecho de acceso:<\/b><span style=\"font-weight: 400;\"> permite al interesado conocer y obtener informaci\u00f3n sobre sus datos de car\u00e1cter personal sometidos a tratamiento.<\/span><\/li><li style=\"font-weight: 400;\" aria-level=\"1\"><b>Derecho de rectificaci\u00f3n<\/b><span style=\"font-weight: 400;\">: permite corregir errores y modificar los datos que resulten ser inexactos o incompletos<\/span><\/li><li style=\"font-weight: 400;\" aria-level=\"1\"><b>Derecho de supresi\u00f3n<\/b><span style=\"font-weight: 400;\">: permite que se supriman los datos que sean inadecuados o excesivos<\/span><\/li><li style=\"font-weight: 400;\" aria-level=\"1\"><b>Derecho de oposici\u00f3n<\/b><span style=\"font-weight: 400;\">: derecho del interesado a que no se lleve a cabo el tratamiento de sus datos de car\u00e1cter personal o se cese en el mismo.\u00a0<\/span><\/li><li style=\"font-weight: 400;\" aria-level=\"1\"><b>Limitaci\u00f3n del tratamiento<\/b><span style=\"font-weight: 400;\">: conlleva el marcado de los datos personales conservados, con el fin de limitar su futuro tratamiento, para el ejercicio o la defensa de reclamaciones.<\/span><\/li><li style=\"font-weight: 400;\" aria-level=\"1\"><b>Portabilidad de los datos<\/b><span style=\"font-weight: 400;\">: facilitaci\u00f3n de los datos objeto de tratamiento al interesado, para que \u00e9ste pueda transmitir a otro responsable, sin impedimentos.<\/span><\/li><li style=\"font-weight: 400;\" aria-level=\"1\"><b>Derecho a no ser objeto de decisiones individuales automatizadas (incluida la elaboraci\u00f3n de perfiles)<\/b><span style=\"font-weight: 400;\">: derecho a no ser objeto de una decisi\u00f3n basada en el tratamiento automatizado que produzca efectos o afecte significativamente.<\/span><\/li><\/ul><p><span style=\"font-weight: 400;\">Como usuario, tiene derecho a retirar el consentimiento dado en cualquier momento. La retirada del consentimiento no afectar\u00e1 a la licitud del tratamiento efectuado antes de la retirada del consentimiento.<\/span><\/p><p><span style=\"font-weight: 400;\">Tambi\u00e9n tiene derecho a presentar una reclamaci\u00f3n ante la autoridad de control si considera que pueden haberse visto vulnerados sus derechos en relaci\u00f3n a la protecci\u00f3n de sus datos (aepd.es).<\/span><\/p><p><span style=\"text-decoration: underline;\"><b>INFORMACI\u00d3N ADICIONAL<\/b><\/span><\/p><p><b>MEDIDAS DE SEGURIDAD:<\/b><\/p><p><span style=\"font-weight: 400;\">Los datos que nos facilite se tratar\u00e1n de forma confidencial. El prestador ha adoptado todas las medidas t\u00e9cnicas y organizativas y todos los niveles de protecci\u00f3n necesarios para garantizar la seguridad en el tratamiento de los datos y evitar su alteraci\u00f3n, p\u00e9rdida, robo, tratamiento o acceso no autorizado, de acuerdo al estado de la tecnolog\u00eda y naturaleza de los datos almacenados. Asimismo, se garantiza tambi\u00e9n que el tratamiento y registro en ficheros, programas, sistemas o equipos, locales y centros cumplen con los requisitos y condiciones de integridad y seguridad establecidas en la normativa vigente.<\/span><\/p><p><b>IDIOMA<\/b><\/p><p><span style=\"font-weight: 400;\">El idioma aplicable a esta pol\u00edtica de privacidad es el castellano. Por tanto, en caso de que hubiera alguna contradicci\u00f3n en alguna de las versiones facilitadas en otros idiomas, prevalecer\u00e1 la versi\u00f3n en castellano.<\/span><\/p><p><b>REDES SOCIALES<\/b><\/p><p><span style=\"font-weight: 400;\">Le informamos que <\/span><b>INSTAL\u00b7LACIONS ILURO 2016, S.L.<\/b><span style=\"font-weight: 400;\"> puede tener presencia en redes sociales. El tratamiento de los datos que se lleve a cabo de las personas que se hagan seguidoras en las redes sociales (y \/ o realicen cualquier v\u00ednculo o acci\u00f3n de conexi\u00f3n a trav\u00e9s de las redes sociales) de las p\u00e1ginas oficiales de <\/span><b>INSTAL\u00b7LACIONS ILURO 2016, S.L. <\/b><span style=\"font-weight: 400;\">se regir\u00e1 por este apartado , as\u00ed como para aquellas condiciones de uso, pol\u00edticas de privacidad y normativas de acceso que pertenezcan a la red social que proceda en cada caso y aceptadas previamente por el usuario.<\/span><\/p><p><b>INSTAL\u00b7LACIONS ILURO 2016, S.L.<\/b><span style=\"font-weight: 400;\"> tratar\u00e1 sus datos con las finalidades de administrar correctamente su presencia en la red social, informando de actividades, productos o servicios del prestador, as\u00ed como para cualquier otra finalidad que las normativas de las Redes Sociales permitan.<\/span><\/p><p><span style=\"font-weight: 400;\">Queda prohibida la publicaci\u00f3n de contenidos:<\/span><\/p><p><span style=\"font-weight: 400;\">&#8211; Que sean presuntamente il\u00edcitos por la normativa nacional, comunitaria o internacional o que realicen actividades presuntamente il\u00edcitas o contravengan los principios de la buena fe.<\/span><\/p><p><span style=\"font-weight: 400;\">Que atenten contra los derechos fundamentales de las personas, falten a la cortes\u00eda en la red, molesten o puedan generar opiniones negativas en nuestros usuarios o terceros y en general cualesquiera sean los contenidos que INSTAL\u00b7LACIONS ILURO 2016, S.L. considere inapropiados.<\/span><\/p><p><span style=\"font-weight: 400;\">&#8211; Y en general que contravengan los principios de legalidad, honradez, responsabilidad, protecci\u00f3n de la dignidad humana, protecci\u00f3n de menores, protecci\u00f3n del orden p\u00fablico, la protecci\u00f3n de la vida privada, la protecci\u00f3n del consumidor y los derechos de propiedad intelectual e industrial.<\/span><\/p><p><span style=\"font-weight: 400;\">Asimismo, <\/span><b>INSTAL\u00b7LACIONS ILURO 2016, S.L.<\/b><span style=\"font-weight: 400;\"> se reserva la potestad de retirar, sin previo aviso del sitio web o de la red social corporativa aquellos contenidos que se consideran inadecuados.<\/span><\/p><p><span style=\"font-weight: 400;\">En todo caso, si Ud. remite informaci\u00f3n personal a trav\u00e9s de la red social, INSTAL\u00b7LACIONS ILURO 2016, S.L. quedar\u00e1 exento de responsabilidad en relaci\u00f3n con las medidas de seguridad aplicables a la presente plataforma y el usuario, en caso de querer conocerlas, debe consultar las correspondientes condiciones particulares de la red en cuesti\u00f3n.<\/span><\/p><p><b>VIDEOVIGILANCIA<\/b><\/p><p><span style=\"font-weight: 400;\">Se captan im\u00e1genes con la finalidad de preservar la seguridad de las personas y bienes, as\u00ed como de las instalaciones. <\/span><\/p><p><span style=\"font-weight: 400;\">Se informa al usuario mediante un cartel de videovigilancia ubicado en lugar previo a la c\u00e1mara y suficientemente visible que informa que las instalaciones est\u00e1n videovigiladas.\u00a0<\/span><\/p><p><span style=\"font-weight: 400;\">No se prev\u00e9n cesiones, excepto a las Fuerzas y cuerpos de seguridad, ni tampoco se realizar\u00e1 ninguna transferencia internacional de datos.\u00a0<\/span><\/p><p><span style=\"font-weight: 400;\">Las im\u00e1genes se conservar\u00e1n durante el per\u00edodo m\u00e1ximo de 30 d\u00edas desde su captaci\u00f3n. Una vez transcurrido dicho plazo las im\u00e1genes deber\u00e1n ser canceladas, de acuerdo con la normativa vigente. La cu\u00e1l dispone: \u201cla cancelaci\u00f3n dar\u00e1 lugar al bloqueo de los datos, conserv\u00e1ndose \u00fanicamente a disposici\u00f3n de las Administraciones P\u00fablicas, Jueces y Tribunales, para la atenci\u00f3n de las posibles responsabilidades nacidas del tratamiento, durante el plazo de prescripci\u00f3n de \u00e9stas. Cumplido el citado plazo deber\u00e1 procederse a la supresi\u00f3n.\u201d<\/span><\/p><p><b>CAMBIOS EN LA PRESENTE POL\u00cdTICA DE PRIVACIDAD<\/b><\/p><p><b>INSTAL\u00b7LACIONS ILURO 2016, S.L.<\/b><span style=\"font-weight: 400;\"> se reserva el derecho a modificar la presente pol\u00edtica para adaptarla a novedades legislativas o jurisprudenciales.<\/span><\/p><p><b>REVOCABILIDAD<\/b><\/p><p><span style=\"font-weight: 400;\">El consentimiento prestado, tanto por el tratamiento como para la cesi\u00f3n de los datos de los interesados, es revocable en cualquier momento comunic\u00e1ndose a <\/span><b>INSTAL\u00b7LACIONS ILURO 2016, S.L.<\/b><span style=\"font-weight: 400;\"> en los t\u00e9rminos establecidos en esta Pol\u00edtica para el ejercicio de los derechos. Esta revocaci\u00f3n en ning\u00fan caso tendr\u00e1 car\u00e1cter retroactivo.<\/span><\/p><p><b>LEGISLACI\u00d3N<\/b><\/p><p><span style=\"font-weight: 400;\">Con car\u00e1cter general las relaciones entre <\/span><b>INSTAL\u00b7LACIONS ILURO 2016, S.L.<\/b><span style=\"font-weight: 400;\"> con los Usuarios de sus servicios telem\u00e1ticos, presentes en esta web, est\u00e1n sometidos a la legislaci\u00f3n y jurisdicci\u00f3n espa\u00f1ola a la que se someten expresamente las partes, siendo competentes para la resoluci\u00f3n de todos los conflictos derivados o relacionados con su uso los Juzgados y Tribunales de Barcelona.<\/span><\/p>\t\t\t\t\t\t\t\t<\/div>\n\t\t\t\t<\/div>\n\t\t\t\t\t<\/div>\n\t\t<\/div>\n\t\t\t\t\t<\/div>\n\t\t<\/section>\n\t\t\t\t<\/div>","protected":false},"excerpt":{"rendered":"<p>INTRODUCCI\u00d3N Su privacidad es importante para nosotros, as\u00ed que, mediante este documento, le explicamos qu\u00e9 datos recogemos de los usuarios, como los utilizamos y para qu\u00e9, entre otras indicaciones. Para su informaci\u00f3n, nunca pediremos m\u00e1s informaci\u00f3n de la que realmente necesitaremos para los servicios requeridos; nunca la compartiremos con terceros, excepto por obligaci\u00f3n legal o [&hellip;]<\/p>","protected":false},"author":1,"featured_media":0,"parent":0,"menu_order":0,"comment_status":"closed","ping_status":"closed","template":"","meta":{"footnotes":""},"class_list":["post-393","page","type-page","status-publish","hentry"],"_links":{"self":[{"href":"https:\/\/instaliluro.com\/ca\/wp-json\/wp\/v2\/pages\/393","targetHints":{"allow":["GET"]}}],"collection":[{"href":"https:\/\/instaliluro.com\/ca\/wp-json\/wp\/v2\/pages"}],"about":[{"href":"https:\/\/instaliluro.com\/ca\/wp-json\/wp\/v2\/types\/page"}],"author":[{"embeddable":true,"href":"https:\/\/instaliluro.com\/ca\/wp-json\/wp\/v2\/users\/1"}],"replies":[{"embeddable":true,"href":"https:\/\/instaliluro.com\/ca\/wp-json\/wp\/v2\/comments?post=393"}],"version-history":[{"count":25,"href":"https:\/\/instaliluro.com\/ca\/wp-json\/wp\/v2\/pages\/393\/revisions"}],"predecessor-version":[{"id":678,"href":"https:\/\/instaliluro.com\/ca\/wp-json\/wp\/v2\/pages\/393\/revisions\/678"}],"wp:attachment":[{"href":"https:\/\/instaliluro.com\/ca\/wp-json\/wp\/v2\/media?parent=393"}],"curies":[{"name":"wp","href":"https:\/\/api.w.org\/{rel}","templated":true}]}}